{"id":75297,"date":"2014-05-01T18:49:01","date_gmt":"2014-05-01T18:49:01","guid":{"rendered":"http:\/\/rcntv.rcn.com\/?page_id=75297"},"modified":"2024-07-31T21:52:28","modified_gmt":"2024-07-31T21:52:28","slug":"bienvenido-nuestro-valle-espanol","status":"publish","type":"page","link":"https:\/\/www.astound.com\/atvn\/bienvenido-nuestro-valle-espanol\/","title":{"rendered":"Bienvenido Nuestro Valle (en Espa\u00f1ol)"},"content":{"rendered":"<p><img loading=\"lazy\" decoding=\"async\" class=\"aligncenter wp-image-87032 size-large\" src=\"https:\/\/www.astound.com\/atvn\/wp-content\/uploads\/2023\/01\/ATVNWebpageBanners-NuestroValle-1024x193.png\" alt=\"ATVN Nuestro Valle\" width=\"1024\" height=\"193\" srcset=\"\/atvn\/wp-content\/uploads\/2023\/01\/ATVNWebpageBanners-NuestroValle-1024x193.png 1024w, \/atvn\/wp-content\/uploads\/2023\/01\/ATVNWebpageBanners-NuestroValle-300x56.png 300w, \/atvn\/wp-content\/uploads\/2023\/01\/ATVNWebpageBanners-NuestroValle-768x145.png 768w, \/atvn\/wp-content\/uploads\/2023\/01\/ATVNWebpageBanners-NuestroValle-1536x289.png 1536w, \/atvn\/wp-content\/uploads\/2023\/01\/ATVNWebpageBanners-NuestroValle-2048x386.png 2048w, \/atvn\/wp-content\/uploads\/2023\/01\/ATVNWebpageBanners-NuestroValle-624x117.png 624w\" sizes=\"auto, (max-width: 1024px) 100vw, 1024px\" \/><\/p>\n<p>Nuestro Valle es un programa con t\u00f3picos de inter\u00e9s general producido por ATVN.\u00a0 Jos\u00e9 Antonio (Tony) Ortiz es el productor y conductor. Sintonice cada semana cuando Tony y sus invitados presentan temas de gran importancia que afectan a nuestra creciente comunidad Hispana en el Valle Lehigh, incluyendo temas de salud, asuntos legales y pol\u00edticos con l\u00edderes de la comunidad.<\/p>\n<p>Nacido en la Ciudad de M\u00e9xico y residente del Valle Lehigh por mas de 33 a\u00f1os, Tony tiene una experiencia de mas de 33 a\u00f1os en televisi\u00f3n.\u00a0 El presenta una visi\u00f3n de la nueva generaci\u00f3n de inmigrantes Hispanos: altamente educados, empresarios y profesionales del mundo acad\u00e9mico y cient\u00edfico.<\/p>\n<p>Nuestro Valle sale al aire todos los domingos a las 7 de la noche y repite los martes a las 6 de la tarde.<\/p>\n<p>Todos los episodios de Nuestro Valle est\u00e1n disponibles en Video On Demand (VOD) por 60 d\u00edas despu\u00e9s de salir al aire por primera vez.<\/p>\n<p><a href=\"mailto:tony.ortiz@rcn.net\"><b>Haga click aqu\u00ed<\/b><\/a> para mas informaci\u00f3n de programas pasados o si tiene sugerencias para aparecer en Nuestro Valle.<\/p>\n<!-- AddThis Advanced Settings generic via filter on the_content --><!-- AddThis Share Buttons generic via filter on the_content -->","protected":false},"excerpt":{"rendered":"<p>Nuestro Valle es un programa con t\u00f3picos de inter\u00e9s general producido por ATVN.\u00a0 Jos\u00e9 Antonio (Tony) Ortiz es el productor y conductor. Sintonice cada semana cuando Tony y sus invitados presentan temas de gran importancia que afectan a nuestra creciente comunidad Hispana en el Valle Lehigh, incluyendo temas de salud, asuntos legales y pol\u00edticos con&#8230;<!-- AddThis Advanced Settings generic via filter on get_the_excerpt --><!-- AddThis Share Buttons generic via filter on get_the_excerpt --><\/p>\n","protected":false},"author":21,"featured_media":0,"parent":0,"menu_order":0,"comment_status":"open","ping_status":"open","template":"","meta":{"_acf_changed":false,"_relevanssi_hide_post":"","_relevanssi_hide_content":"","_relevanssi_pin_for_all":"","_relevanssi_pin_keywords":"","_relevanssi_unpin_keywords":"","_relevanssi_related_keywords":"","_relevanssi_related_include_ids":"","_relevanssi_related_exclude_ids":"","_relevanssi_related_no_append":"","_relevanssi_related_not_related":"","_relevanssi_related_posts":"","_relevanssi_noindex_reason":"Yoast SEO Relevanssi index exclude","inline_featured_image":false,"_exactmetrics_skip_tracking":false,"_exactmetrics_sitenote_active":false,"_exactmetrics_sitenote_note":"","_exactmetrics_sitenote_category":0,"episode_type":"","audio_file":"","podmotor_file_id":"","podmotor_episode_id":"","cover_image":"","cover_image_id":"","duration":"","filesize":"","filesize_raw":"","date_recorded":"","explicit":"","block":"","itunes_episode_number":"","itunes_title":"","itunes_season_number":"","itunes_episode_type":"","footnotes":""},"class_list":["post-75297","page","type-page","status-publish","hentry"],"acf":[],"yoast_head":"<!-- This site is optimized with the Yoast SEO plugin v27.4 - https:\/\/yoast.com\/product\/yoast-seo-wordpress\/ -->\n<title>Nuesto Valle, Nuestro Valle Spanish, Nuestro Valle RCN TV, Tony Ortiz, Spanish news<\/title>\n<meta name=\"robots\" content=\"noindex, follow\" \/>\n<meta property=\"og:locale\" content=\"en_US\" \/>\n<meta property=\"og:type\" content=\"article\" \/>\n<meta property=\"og:title\" content=\"Nuesto Valle, Nuestro Valle Spanish, Nuestro Valle RCN TV, Tony Ortiz, Spanish news\" \/>\n<meta property=\"og:description\" content=\"Nuestro Valle es un programa con t\u00f3picos de inter\u00e9s general producido por ATVN.\u00a0 Jos\u00e9 Antonio (Tony) Ortiz es el productor y conductor. Sintonice cada semana cuando Tony y sus invitados presentan temas de gran importancia que afectan a nuestra creciente comunidad Hispana en el Valle Lehigh, incluyendo temas de salud, asuntos legales y pol\u00edticos con...\" \/>\n<meta property=\"og:url\" content=\"https:\/\/www.astound.com\/atvn\/bienvenido-nuestro-valle-espanol\/\" \/>\n<meta property=\"og:site_name\" content=\"ATVN\" \/>\n<meta property=\"article:modified_time\" content=\"2024-07-31T21:52:28+00:00\" \/>\n<meta property=\"og:image\" content=\"https:\/\/www.astound.com\/atvn\/wp-content\/uploads\/2023\/01\/ATVNWebpageBanners-NuestroValle-1024x193.png\" \/>\n<meta name=\"twitter:label1\" content=\"Est. reading time\" \/>\n\t<meta name=\"twitter:data1\" content=\"1 minute\" \/>\n<script type=\"application\/ld+json\" class=\"yoast-schema-graph\">{\"@context\":\"https:\\\/\\\/schema.org\",\"@graph\":[{\"@type\":\"WebPage\",\"@id\":\"https:\\\/\\\/www.astound.com\\\/atvn\\\/bienvenido-nuestro-valle-espanol\\\/\",\"url\":\"https:\\\/\\\/www.astound.com\\\/atvn\\\/bienvenido-nuestro-valle-espanol\\\/\",\"name\":\"Nuesto Valle, Nuestro Valle Spanish, Nuestro Valle RCN TV, Tony Ortiz, Spanish news\",\"isPartOf\":{\"@id\":\"https:\\\/\\\/www.astound.com\\\/atvn\\\/#website\"},\"primaryImageOfPage\":{\"@id\":\"https:\\\/\\\/www.astound.com\\\/atvn\\\/bienvenido-nuestro-valle-espanol\\\/#primaryimage\"},\"image\":{\"@id\":\"https:\\\/\\\/www.astound.com\\\/atvn\\\/bienvenido-nuestro-valle-espanol\\\/#primaryimage\"},\"thumbnailUrl\":\"https:\\\/\\\/www.astound.com\\\/atvn\\\/wp-content\\\/uploads\\\/2023\\\/01\\\/ATVNWebpageBanners-NuestroValle-1024x193.png\",\"datePublished\":\"2014-05-01T18:49:01+00:00\",\"dateModified\":\"2024-07-31T21:52:28+00:00\",\"inLanguage\":\"en-US\",\"potentialAction\":[{\"@type\":\"ReadAction\",\"target\":[\"https:\\\/\\\/www.astound.com\\\/atvn\\\/bienvenido-nuestro-valle-espanol\\\/\"]}]},{\"@type\":\"ImageObject\",\"inLanguage\":\"en-US\",\"@id\":\"https:\\\/\\\/www.astound.com\\\/atvn\\\/bienvenido-nuestro-valle-espanol\\\/#primaryimage\",\"url\":\"https:\\\/\\\/www.astound.com\\\/atvn\\\/wp-content\\\/uploads\\\/2023\\\/01\\\/ATVNWebpageBanners-NuestroValle-1024x193.png\",\"contentUrl\":\"https:\\\/\\\/www.astound.com\\\/atvn\\\/wp-content\\\/uploads\\\/2023\\\/01\\\/ATVNWebpageBanners-NuestroValle-1024x193.png\"},{\"@type\":\"WebSite\",\"@id\":\"https:\\\/\\\/www.astound.com\\\/atvn\\\/#website\",\"url\":\"https:\\\/\\\/www.astound.com\\\/atvn\\\/\",\"name\":\"ATVN\",\"description\":\"Local Programming &amp; Astound Digital Cable, Internet &amp; Phone Services\",\"potentialAction\":[{\"@type\":\"SearchAction\",\"target\":{\"@type\":\"EntryPoint\",\"urlTemplate\":\"https:\\\/\\\/www.astound.com\\\/atvn\\\/?s={search_term_string}\"},\"query-input\":{\"@type\":\"PropertyValueSpecification\",\"valueRequired\":true,\"valueName\":\"search_term_string\"}}],\"inLanguage\":\"en-US\"}]}<\/script>\n<!-- \/ Yoast SEO plugin. -->","yoast_head_json":{"title":"Nuesto Valle, Nuestro Valle Spanish, Nuestro Valle RCN TV, Tony Ortiz, Spanish news","robots":{"index":"noindex","follow":"follow"},"og_locale":"en_US","og_type":"article","og_title":"Nuesto Valle, Nuestro Valle Spanish, Nuestro Valle RCN TV, Tony Ortiz, Spanish news","og_description":"Nuestro Valle es un programa con t\u00f3picos de inter\u00e9s general producido por ATVN.\u00a0 Jos\u00e9 Antonio (Tony) Ortiz es el productor y conductor. Sintonice cada semana cuando Tony y sus invitados presentan temas de gran importancia que afectan a nuestra creciente comunidad Hispana en el Valle Lehigh, incluyendo temas de salud, asuntos legales y pol\u00edticos con...","og_url":"https:\/\/www.astound.com\/atvn\/bienvenido-nuestro-valle-espanol\/","og_site_name":"ATVN","article_modified_time":"2024-07-31T21:52:28+00:00","og_image":[{"url":"https:\/\/www.astound.com\/atvn\/wp-content\/uploads\/2023\/01\/ATVNWebpageBanners-NuestroValle-1024x193.png","type":"","width":"","height":""}],"twitter_misc":{"Est. reading time":"1 minute"},"schema":{"@context":"https:\/\/schema.org","@graph":[{"@type":"WebPage","@id":"https:\/\/www.astound.com\/atvn\/bienvenido-nuestro-valle-espanol\/","url":"https:\/\/www.astound.com\/atvn\/bienvenido-nuestro-valle-espanol\/","name":"Nuesto Valle, Nuestro Valle Spanish, Nuestro Valle RCN TV, Tony Ortiz, Spanish news","isPartOf":{"@id":"https:\/\/www.astound.com\/atvn\/#website"},"primaryImageOfPage":{"@id":"https:\/\/www.astound.com\/atvn\/bienvenido-nuestro-valle-espanol\/#primaryimage"},"image":{"@id":"https:\/\/www.astound.com\/atvn\/bienvenido-nuestro-valle-espanol\/#primaryimage"},"thumbnailUrl":"https:\/\/www.astound.com\/atvn\/wp-content\/uploads\/2023\/01\/ATVNWebpageBanners-NuestroValle-1024x193.png","datePublished":"2014-05-01T18:49:01+00:00","dateModified":"2024-07-31T21:52:28+00:00","inLanguage":"en-US","potentialAction":[{"@type":"ReadAction","target":["https:\/\/www.astound.com\/atvn\/bienvenido-nuestro-valle-espanol\/"]}]},{"@type":"ImageObject","inLanguage":"en-US","@id":"https:\/\/www.astound.com\/atvn\/bienvenido-nuestro-valle-espanol\/#primaryimage","url":"https:\/\/www.astound.com\/atvn\/wp-content\/uploads\/2023\/01\/ATVNWebpageBanners-NuestroValle-1024x193.png","contentUrl":"https:\/\/www.astound.com\/atvn\/wp-content\/uploads\/2023\/01\/ATVNWebpageBanners-NuestroValle-1024x193.png"},{"@type":"WebSite","@id":"https:\/\/www.astound.com\/atvn\/#website","url":"https:\/\/www.astound.com\/atvn\/","name":"ATVN","description":"Local Programming &amp; Astound Digital Cable, Internet &amp; Phone Services","potentialAction":[{"@type":"SearchAction","target":{"@type":"EntryPoint","urlTemplate":"https:\/\/www.astound.com\/atvn\/?s={search_term_string}"},"query-input":{"@type":"PropertyValueSpecification","valueRequired":true,"valueName":"search_term_string"}}],"inLanguage":"en-US"}]}},"_links":{"self":[{"href":"https:\/\/www.astound.com\/atvn\/wp-json\/wp\/v2\/pages\/75297","targetHints":{"allow":["GET"]}}],"collection":[{"href":"https:\/\/www.astound.com\/atvn\/wp-json\/wp\/v2\/pages"}],"about":[{"href":"https:\/\/www.astound.com\/atvn\/wp-json\/wp\/v2\/types\/page"}],"author":[{"embeddable":true,"href":"https:\/\/www.astound.com\/atvn\/wp-json\/wp\/v2\/users\/21"}],"replies":[{"embeddable":true,"href":"https:\/\/www.astound.com\/atvn\/wp-json\/wp\/v2\/comments?post=75297"}],"version-history":[{"count":12,"href":"https:\/\/www.astound.com\/atvn\/wp-json\/wp\/v2\/pages\/75297\/revisions"}],"predecessor-version":[{"id":88960,"href":"https:\/\/www.astound.com\/atvn\/wp-json\/wp\/v2\/pages\/75297\/revisions\/88960"}],"wp:attachment":[{"href":"https:\/\/www.astound.com\/atvn\/wp-json\/wp\/v2\/media?parent=75297"}],"curies":[{"name":"wp","href":"https:\/\/api.w.org\/{rel}","templated":true}]}}